{"id":126,"date":"2021-05-19T16:48:33","date_gmt":"2021-05-19T13:48:33","guid":{"rendered":"https:\/\/bonus.casinomaxi1014.com\/tr\/?page_id=126"},"modified":"2021-05-19T16:48:33","modified_gmt":"2021-05-19T13:48:33","slug":"site-map","status":"publish","type":"page","link":"https:\/\/bonus.casinomaxi1014.com\/tr\/site-map\/","title":{"rendered":"Site Map"},"content":{"rendered":"<p><strong><a href=\"https:\/\/bonus.casinomaxi1014.com\/tr\/casino\/\">Casino<\/a><\/strong><ul class=\"lcp_catlist\" id=\"lcp_instance_0\"><li><a href=\"https:\/\/bonus.casinomaxi1014.com\/tr\/yeni-slota-free-spin-yakalayin\/\">Yeni Slota Free Spin Yakalay\u0131n<\/a><\/li><li><a href=\"https:\/\/bonus.casinomaxi1014.com\/tr\/oglen-50-free-spin-yakala-2\/\">\u00d6\u011flen 50 Free Spin Yakala<\/a><\/li><li><a href=\"https:\/\/bonus.casinomaxi1014.com\/tr\/her-hafta-150-000-tl-odul-2\/\">Her Hafta 150.000 TL \u00d6d\u00fcl<\/a><\/li><li><a href=\"https:\/\/bonus.casinomaxi1014.com\/tr\/hafta-sonunda-free-spin-soleni-2\/\">Hafta Sonunda Free Spin \u015e\u00f6leni<\/a><\/li><li><a href=\"https:\/\/bonus.casinomaxi1014.com\/tr\/ozel-slota-540-tl-free-spin\/\">\u00d6zel Slota 540 TL Free Spin<\/a><\/li><li><a href=\"https:\/\/bonus.casinomaxi1014.com\/tr\/yeni-slotta-bonus-elde-et\/\">Yeni Slotta Bonus Elde Et<\/a><\/li><li><a href=\"https:\/\/bonus.casinomaxi1014.com\/tr\/ozel-oyunlardan-300-tl-bonus-5\/\">\u00d6zel Oyunlardan 300 TL Bonus<\/a><\/li><li><a href=\"https:\/\/bonus.casinomaxi1014.com\/tr\/bonanza-festivalinde-nakit-soleni\/\">Bonanza Festivali\u2019nde Nakit \u015e\u00f6leni<\/a><\/li><li><a href=\"https:\/\/bonus.casinomaxi1014.com\/tr\/yeni-slota-free-spin-yakala\/\">Yeni Slota Free Spin Yakala<\/a><\/li><li><a href=\"https:\/\/bonus.casinomaxi1014.com\/tr\/ozel-oyunlardan-haftalik-iade\/\">\u00d6zel Oyunlardan Haftal\u0131k \u0130ade<\/a><\/li><\/ul><br \/>\n<strong><a href=\"https:\/\/bonus.casinomaxi1014.com\/tr\/canli-casino\/\">Canl\u0131 Casino<\/a><\/strong><ul class=\"lcp_catlist\" id=\"lcp_instance_0\"><li><a href=\"https:\/\/bonus.casinomaxi1014.com\/tr\/her-hafta-150-000-tl-odul-2\/\">Her Hafta 150.000 TL \u00d6d\u00fcl<\/a><\/li><li><a href=\"https:\/\/bonus.casinomaxi1014.com\/tr\/gunluk-canli-oyun-kuponlari-3\/\">G\u00fcnl\u00fck Canl\u0131 Oyun Kuponlar\u0131<\/a><\/li><li><a href=\"https:\/\/bonus.casinomaxi1014.com\/tr\/sansli-sayilardan-her-gun-nakit-2\/\">\u015eansl\u0131 Say\u0131lardan Her G\u00fcn Nakit<\/a><\/li><li><a href=\"https:\/\/bonus.casinomaxi1014.com\/tr\/canli-casinoda-200-tl-bonus\/\">Canl\u0131 Casino\u2019da 200 TL Bonus!<\/a><\/li><li><a href=\"https:\/\/bonus.casinomaxi1014.com\/tr\/gunluk-canli-oyun-kuponlari-2\/\">G\u00fcnl\u00fck Canl\u0131 Oyun Kuponlar\u0131<\/a><\/li><li><a href=\"https:\/\/bonus.casinomaxi1014.com\/tr\/blackjackte-odullu-ikililer-4\/\">Blackjack\u2019te \u00d6d\u00fcll\u00fc \u0130kililer<\/a><\/li><li><a href=\"https:\/\/bonus.casinomaxi1014.com\/tr\/2026-yolunda-kazancli-gunler\/\">2026 Yolunda Kazan\u00e7l\u0131 G\u00fcnler<\/a><\/li><li><a href=\"https:\/\/bonus.casinomaxi1014.com\/tr\/binance-pay-ile-casinomaxiye-para-yatirma-islemi\/\">Binance Pay ile Casinomaxi\u2019ye Para Yat\u0131rma \u0130\u015flemi<\/a><\/li><li><a href=\"https:\/\/bonus.casinomaxi1014.com\/tr\/sansli-sayilardan-her-gun-nakit\/\">\u015eansl\u0131 Say\u0131lardan Her G\u00fcn Nakit<\/a><\/li><li><a href=\"https:\/\/bonus.casinomaxi1014.com\/tr\/blackjackte-odullu-ikililer-3\/\">Blackjack\u2019te \u00d6d\u00fcll\u00fc \u0130kililer<\/a><\/li><\/ul><br \/>\n<strong><a href=\"https:\/\/bonus.casinomaxi1014.com\/tr\/genel-kampanyalar\/\">Genel Kampanyalar<\/a><\/strong><ul class=\"lcp_catlist\" id=\"lcp_instance_0\"><li><a href=\"https:\/\/bonus.casinomaxi1014.com\/tr\/arkadaslarini-davet-et-birlikte-freespin-kazan\/\">Arkada\u015f\u0131n\u0131 Getir, Birlikte Kazan\u0131n<\/a><\/li><li><a href=\"https:\/\/bonus.casinomaxi1014.com\/tr\/binance-pay-ile-casinomaxiye-para-yatirma-islemi\/\">Binance Pay ile Casinomaxi\u2019ye Para Yat\u0131rma \u0130\u015flemi<\/a><\/li><li><a href=\"https:\/\/bonus.casinomaxi1014.com\/tr\/haftalik-25-000-kripto-bonusu\/\">Haftal\u0131k 25.000\u20ba Kripto Bonusu<\/a><\/li><li><a href=\"https:\/\/bonus.casinomaxi1014.com\/tr\/hos-geldiniz-bonusu\/\">\u00dcye Ol, \u00d6d\u00fcllerini Al<\/a><\/li><li><a href=\"https:\/\/bonus.casinomaxi1014.com\/tr\/canli-masalar-odul-saciyor-3\/\">Canl\u0131 Masalar \u00d6d\u00fcl Sa\u00e7\u0131yor<\/a><\/li><li><a href=\"https:\/\/bonus.casinomaxi1014.com\/tr\/6500-tl-650-freespin-hosgeldin-bonus-paketi\/\">\u00dcye Ol, \u00d6d\u00fcllerini Al<\/a><\/li><li><a href=\"https:\/\/bonus.casinomaxi1014.com\/tr\/kupon-kampanyasi\/\">Kupon Kampanyas\u0131<\/a><\/li><li><a href=\"https:\/\/bonus.casinomaxi1014.com\/tr\/yaniltici-sitelere-dikkat\/\">Yan\u0131lt\u0131c\u0131 Sitelere Dikkat!<\/a><\/li><li><a href=\"https:\/\/bonus.casinomaxi1014.com\/tr\/en-kolay-para-yatirma-yontemleri\/\">En Kolay Para Yat\u0131rma Y\u00f6ntemleri<\/a><\/li><li><a href=\"https:\/\/bonus.casinomaxi1014.com\/tr\/casinomaxi-ios-uygulamasi\/\">CasinoMaxi, iPhone Cihaz\u0131nda!<\/a><\/li><\/ul><\/p>\n","protected":false},"excerpt":{"rendered":"","protected":false},"author":1,"featured_media":0,"parent":0,"menu_order":0,"comment_status":"closed","ping_status":"closed","template":"","meta":{"_links_to":"","_links_to_target":""},"categories":[],"tags":[],"_links":{"self":[{"href":"https:\/\/bonus.casinomaxi1014.com\/tr\/wp-json\/wp\/v2\/pages\/126"}],"collection":[{"href":"https:\/\/bonus.casinomaxi1014.com\/tr\/wp-json\/wp\/v2\/pages"}],"about":[{"href":"https:\/\/bonus.casinomaxi1014.com\/tr\/wp-json\/wp\/v2\/types\/page"}],"author":[{"embeddable":true,"href":"https:\/\/bonus.casinomaxi1014.com\/tr\/wp-json\/wp\/v2\/users\/1"}],"replies":[{"embeddable":true,"href":"https:\/\/bonus.casinomaxi1014.com\/tr\/wp-json\/wp\/v2\/comments?post=126"}],"version-history":[{"count":0,"href":"https:\/\/bonus.casinomaxi1014.com\/tr\/wp-json\/wp\/v2\/pages\/126\/revisions"}],"wp:attachment":[{"href":"https:\/\/bonus.casinomaxi1014.com\/tr\/wp-json\/wp\/v2\/media?parent=126"}],"wp:term":[{"taxonomy":"category","embeddable":true,"href":"https:\/\/bonus.casinomaxi1014.com\/tr\/wp-json\/wp\/v2\/categories?post=126"},{"taxonomy":"post_tag","embeddable":true,"href":"https:\/\/bonus.casinomaxi1014.com\/tr\/wp-json\/wp\/v2\/tags?post=126"}],"curies":[{"name":"wp","href":"https:\/\/api.w.org\/{rel}","templated":true}]}}